{"id":4398,"date":"2025-03-09T17:06:42","date_gmt":"2025-03-09T16:06:42","guid":{"rendered":"https:\/\/identalab.com\/?post_type=product&#038;p=4398"},"modified":"2025-03-09T17:11:08","modified_gmt":"2025-03-09T16:11:08","slug":"ferula-de-pasividad-fri","status":"publish","type":"product","link":"https:\/\/identalab.com\/en\/product\/ferula-de-pasividad-fri\/","title":{"rendered":"F\u00e9rula de pasividad FRI"},"content":{"rendered":"<p>F\u00e9rula de pasividad FRI, elimina la tensi\u00f3n de tus rehabilitaciones para evitar futuras roturas. No debes olvidar que el tipo de material y las caracter\u00edsticas del mismo son importantes para el tipo de rehabilitaci\u00f3n elegida, no todo es la tensi\u00f3n por la falta de paralelismo! \u00a1Gracias!<\/p>","protected":false},"excerpt":{"rendered":"<p>F\u00e9rula de pasividad FRI<\/p>","protected":false},"featured_media":0,"template":"","meta":{"site-sidebar-layout":"default","site-content-layout":"","ast-site-content-layout":"default","site-content-style":"default","site-sidebar-style":"default","ast-global-header-display":"","ast-banner-title-visibility":"","ast-main-header-display":"","ast-hfb-above-header-display":"","ast-hfb-below-header-display":"","ast-hfb-mobile-header-display":"","site-post-title":"","ast-breadcrumbs-content":"","ast-featured-img":"","footer-sml-layout":"","ast-disable-related-posts":"","theme-transparent-header-meta":"default","adv-header-id-meta":"","stick-header-meta":"","header-above-stick-meta":"","header-main-stick-meta":"","header-below-stick-meta":"","astra-migrate-meta-layouts":"set","ast-page-background-enabled":"default","ast-page-background-meta":{"desktop":{"background-color":"var(--ast-global-color-4)","background-image":"","background-repeat":"repeat","background-position":"center center","background-size":"auto","background-attachment":"scroll","background-type":"","background-media":"","overlay-type":"","overlay-color":"","overlay-opacity":"","overlay-gradient":""},"tablet":{"background-color":"","background-image":"","background-repeat":"repeat","background-position":"center center","background-size":"auto","background-attachment":"scroll","background-type":"","background-media":"","overlay-type":"","overlay-color":"","overlay-opacity":"","overlay-gradient":""},"mobile":{"background-color":"","background-image":"","background-repeat":"repeat","background-position":"center center","background-size":"auto","background-attachment":"scroll","background-type":"","background-media":"","overlay-type":"","overlay-color":"","overlay-opacity":"","overlay-gradient":""}},"ast-content-background-meta":{"desktop":{"background-color":"var(--ast-global-color-5)","background-image":"","background-repeat":"repeat","background-position":"center center","background-size":"auto","background-attachment":"scroll","background-type":"","background-media":"","overlay-type":"","overlay-color":"","overlay-opacity":"","overlay-gradient":""},"tablet":{"background-color":"var(--ast-global-color-5)","background-image":"","background-repeat":"repeat","background-position":"center center","background-size":"auto","background-attachment":"scroll","background-type":"","background-media":"","overlay-type":"","overlay-color":"","overlay-opacity":"","overlay-gradient":""},"mobile":{"background-color":"var(--ast-global-color-5)","background-image":"","background-repeat":"repeat","background-position":"center center","background-size":"auto","background-attachment":"scroll","background-type":"","background-media":"","overlay-type":"","overlay-color":"","overlay-opacity":"","overlay-gradient":""}},"_joinchat":[]},"product_brand":[],"product_cat":[66],"product_tag":[69],"class_list":{"0":"post-4398","1":"product","2":"type-product","3":"status-publish","5":"product_cat-protesis-terminadas","6":"product_tag-ferula-fresada","7":"product_shipping_class-estructuras-y-modelos-3d","8":"desktop-align-left","9":"tablet-align-left","10":"mobile-align-left","12":"first","13":"instock","14":"shipping-taxable","15":"product-type-simple"},"yoast_head":"<!-- This site is optimized with the Yoast SEO plugin v27.4 - https:\/\/yoast.com\/product\/yoast-seo-wordpress\/ -->\n<title>F\u00e9rula de pasividad FRI - Pr\u00f3tesis terminadas - Flujo 100% Digital<\/title>\n<meta name=\"description\" content=\"\u00a1Realizamos tus pr\u00f3tesis con un flujo 100% digital y adem\u00e1s, gracias a nuestra tecnolog\u00eda y optimizaci\u00f3n, reducimos todos los plazos y costes! VAMOS, \u00daNETE!\" \/>\n<meta name=\"robots\" content=\"index, follow, max-snippet:-1, max-image-preview:large, max-video-preview:-1\" \/>\n<link rel=\"canonical\" href=\"https:\/\/identalab.com\/en\/product\/ferula-de-pasividad-fri\/\" \/>\n<meta property=\"og:locale\" content=\"en_US\" \/>\n<meta property=\"og:type\" content=\"article\" \/>\n<meta property=\"og:title\" content=\"F\u00e9rula de pasividad FRI - Pr\u00f3tesis terminadas - Flujo 100% Digital\" \/>\n<meta property=\"og:description\" content=\"\u00a1Realizamos tus pr\u00f3tesis con un flujo 100% digital y adem\u00e1s, gracias a nuestra tecnolog\u00eda y optimizaci\u00f3n, reducimos todos los plazos y costes! VAMOS, \u00daNETE!\" \/>\n<meta property=\"og:url\" content=\"https:\/\/identalab.com\/en\/product\/ferula-de-pasividad-fri\/\" \/>\n<meta property=\"og:site_name\" content=\"Innovative Dental Lab\" \/>\n<meta property=\"article:modified_time\" content=\"2025-03-09T16:11:08+00:00\" \/>\n<meta name=\"twitter:card\" content=\"summary_large_image\" \/>\n<meta name=\"twitter:label1\" content=\"Est. reading time\" \/>\n\t<meta name=\"twitter:data1\" content=\"1 minute\" \/>\n<script type=\"application\/ld+json\" class=\"yoast-schema-graph\">{\"@context\":\"https:\\\/\\\/schema.org\",\"@graph\":[{\"@type\":\"WebPage\",\"@id\":\"https:\\\/\\\/identalab.com\\\/product\\\/ferula-de-pasividad-fri\\\/\",\"url\":\"https:\\\/\\\/identalab.com\\\/product\\\/ferula-de-pasividad-fri\\\/\",\"name\":\"F\u00e9rula de pasividad FRI - Pr\u00f3tesis terminadas - Flujo 100% Digital\",\"isPartOf\":{\"@id\":\"https:\\\/\\\/identalab.com\\\/#website\"},\"datePublished\":\"2025-03-09T16:06:42+00:00\",\"dateModified\":\"2025-03-09T16:11:08+00:00\",\"description\":\"\u00a1Realizamos tus pr\u00f3tesis con un flujo 100% digital y adem\u00e1s, gracias a nuestra tecnolog\u00eda y optimizaci\u00f3n, reducimos todos los plazos y costes! VAMOS, \u00daNETE!\",\"breadcrumb\":{\"@id\":\"https:\\\/\\\/identalab.com\\\/product\\\/ferula-de-pasividad-fri\\\/#breadcrumb\"},\"inLanguage\":\"en-US\",\"potentialAction\":[{\"@type\":\"ReadAction\",\"target\":[\"https:\\\/\\\/identalab.com\\\/product\\\/ferula-de-pasividad-fri\\\/\"]}]},{\"@type\":\"BreadcrumbList\",\"@id\":\"https:\\\/\\\/identalab.com\\\/product\\\/ferula-de-pasividad-fri\\\/#breadcrumb\",\"itemListElement\":[{\"@type\":\"ListItem\",\"position\":1,\"name\":\"Home\",\"item\":\"https:\\\/\\\/identalab.com\\\/\"},{\"@type\":\"ListItem\",\"position\":2,\"name\":\"Tienda\",\"item\":\"https:\\\/\\\/identalab.com\\\/tienda\\\/\"},{\"@type\":\"ListItem\",\"position\":3,\"name\":\"F\u00e9rula de pasividad FRI\"}]},{\"@type\":\"WebSite\",\"@id\":\"https:\\\/\\\/identalab.com\\\/#website\",\"url\":\"https:\\\/\\\/identalab.com\\\/\",\"name\":\"Innovative Dental Lab\",\"description\":\"Laboratorio Dental - Flujo 100% Digital\",\"publisher\":{\"@id\":\"https:\\\/\\\/identalab.com\\\/#organization\"},\"potentialAction\":[{\"@type\":\"SearchAction\",\"target\":{\"@type\":\"EntryPoint\",\"urlTemplate\":\"https:\\\/\\\/identalab.com\\\/?s={search_term_string}\"},\"query-input\":{\"@type\":\"PropertyValueSpecification\",\"valueRequired\":true,\"valueName\":\"search_term_string\"}}],\"inLanguage\":\"en-US\"},{\"@type\":\"Organization\",\"@id\":\"https:\\\/\\\/identalab.com\\\/#organization\",\"name\":\"Innovative Dental Lab\",\"url\":\"https:\\\/\\\/identalab.com\\\/\",\"logo\":{\"@type\":\"ImageObject\",\"inLanguage\":\"en-US\",\"@id\":\"https:\\\/\\\/identalab.com\\\/#\\\/schema\\\/logo\\\/image\\\/\",\"url\":\"https:\\\/\\\/i0.wp.com\\\/identalab.com\\\/wp-content\\\/uploads\\\/2024\\\/04\\\/Logo-Innovative-con-fondo-recortado.png?fit=740%2C235&ssl=1\",\"contentUrl\":\"https:\\\/\\\/i0.wp.com\\\/identalab.com\\\/wp-content\\\/uploads\\\/2024\\\/04\\\/Logo-Innovative-con-fondo-recortado.png?fit=740%2C235&ssl=1\",\"width\":740,\"height\":235,\"caption\":\"Innovative Dental Lab\"},\"image\":{\"@id\":\"https:\\\/\\\/identalab.com\\\/#\\\/schema\\\/logo\\\/image\\\/\"}}]}<\/script>\n<!-- \/ Yoast SEO plugin. -->","yoast_head_json":{"title":"F\u00e9rula de pasividad FRI - Pr\u00f3tesis terminadas - Flujo 100% Digital","description":"\u00a1Realizamos tus pr\u00f3tesis con un flujo 100% digital y adem\u00e1s, gracias a nuestra tecnolog\u00eda y optimizaci\u00f3n, reducimos todos los plazos y costes! VAMOS, \u00daNETE!","robots":{"index":"index","follow":"follow","max-snippet":"max-snippet:-1","max-image-preview":"max-image-preview:large","max-video-preview":"max-video-preview:-1"},"canonical":"https:\/\/identalab.com\/en\/product\/ferula-de-pasividad-fri\/","og_locale":"en_US","og_type":"article","og_title":"F\u00e9rula de pasividad FRI - Pr\u00f3tesis terminadas - Flujo 100% Digital","og_description":"\u00a1Realizamos tus pr\u00f3tesis con un flujo 100% digital y adem\u00e1s, gracias a nuestra tecnolog\u00eda y optimizaci\u00f3n, reducimos todos los plazos y costes! VAMOS, \u00daNETE!","og_url":"https:\/\/identalab.com\/en\/product\/ferula-de-pasividad-fri\/","og_site_name":"Innovative Dental Lab","article_modified_time":"2025-03-09T16:11:08+00:00","twitter_card":"summary_large_image","twitter_misc":{"Est. reading time":"1 minute"},"schema":{"@context":"https:\/\/schema.org","@graph":[{"@type":"WebPage","@id":"https:\/\/identalab.com\/product\/ferula-de-pasividad-fri\/","url":"https:\/\/identalab.com\/product\/ferula-de-pasividad-fri\/","name":"F\u00e9rula de pasividad FRI - Pr\u00f3tesis terminadas - Flujo 100% Digital","isPartOf":{"@id":"https:\/\/identalab.com\/#website"},"datePublished":"2025-03-09T16:06:42+00:00","dateModified":"2025-03-09T16:11:08+00:00","description":"\u00a1Realizamos tus pr\u00f3tesis con un flujo 100% digital y adem\u00e1s, gracias a nuestra tecnolog\u00eda y optimizaci\u00f3n, reducimos todos los plazos y costes! VAMOS, \u00daNETE!","breadcrumb":{"@id":"https:\/\/identalab.com\/product\/ferula-de-pasividad-fri\/#breadcrumb"},"inLanguage":"en-US","potentialAction":[{"@type":"ReadAction","target":["https:\/\/identalab.com\/product\/ferula-de-pasividad-fri\/"]}]},{"@type":"BreadcrumbList","@id":"https:\/\/identalab.com\/product\/ferula-de-pasividad-fri\/#breadcrumb","itemListElement":[{"@type":"ListItem","position":1,"name":"Home","item":"https:\/\/identalab.com\/"},{"@type":"ListItem","position":2,"name":"Tienda","item":"https:\/\/identalab.com\/tienda\/"},{"@type":"ListItem","position":3,"name":"F\u00e9rula de pasividad FRI"}]},{"@type":"WebSite","@id":"https:\/\/identalab.com\/#website","url":"https:\/\/identalab.com\/","name":"Innovative Dental Lab","description":"Laboratorio Dental - Flujo 100% Digital","publisher":{"@id":"https:\/\/identalab.com\/#organization"},"potentialAction":[{"@type":"SearchAction","target":{"@type":"EntryPoint","urlTemplate":"https:\/\/identalab.com\/?s={search_term_string}"},"query-input":{"@type":"PropertyValueSpecification","valueRequired":true,"valueName":"search_term_string"}}],"inLanguage":"en-US"},{"@type":"Organization","@id":"https:\/\/identalab.com\/#organization","name":"Innovative Dental Lab","url":"https:\/\/identalab.com\/","logo":{"@type":"ImageObject","inLanguage":"en-US","@id":"https:\/\/identalab.com\/#\/schema\/logo\/image\/","url":"https:\/\/i0.wp.com\/identalab.com\/wp-content\/uploads\/2024\/04\/Logo-Innovative-con-fondo-recortado.png?fit=740%2C235&ssl=1","contentUrl":"https:\/\/i0.wp.com\/identalab.com\/wp-content\/uploads\/2024\/04\/Logo-Innovative-con-fondo-recortado.png?fit=740%2C235&ssl=1","width":740,"height":235,"caption":"Innovative Dental Lab"},"image":{"@id":"https:\/\/identalab.com\/#\/schema\/logo\/image\/"}}]}},"jetpack_sharing_enabled":true,"_links":{"self":[{"href":"https:\/\/identalab.com\/en\/wp-json\/wp\/v2\/product\/4398","targetHints":{"allow":["GET"]}}],"collection":[{"href":"https:\/\/identalab.com\/en\/wp-json\/wp\/v2\/product"}],"about":[{"href":"https:\/\/identalab.com\/en\/wp-json\/wp\/v2\/types\/product"}],"wp:attachment":[{"href":"https:\/\/identalab.com\/en\/wp-json\/wp\/v2\/media?parent=4398"}],"wp:term":[{"taxonomy":"product_brand","embeddable":true,"href":"https:\/\/identalab.com\/en\/wp-json\/wp\/v2\/product_brand?post=4398"},{"taxonomy":"product_cat","embeddable":true,"href":"https:\/\/identalab.com\/en\/wp-json\/wp\/v2\/product_cat?post=4398"},{"taxonomy":"product_tag","embeddable":true,"href":"https:\/\/identalab.com\/en\/wp-json\/wp\/v2\/product_tag?post=4398"}],"curies":[{"name":"wp","href":"https:\/\/api.w.org\/{rel}","templated":true}]}}