{"id":3501,"date":"2024-09-24T12:36:14","date_gmt":"2024-09-24T10:36:14","guid":{"rendered":"https:\/\/identalab.com\/?post_type=product&#038;p=3501"},"modified":"2024-11-10T23:58:49","modified_gmt":"2024-11-10T22:58:49","slug":"impresion-encia-rosa","status":"publish","type":"product","link":"https:\/\/identalab.com\/en\/product\/impresion-encia-rosa\/","title":{"rendered":"Impresi\u00f3n enc\u00eda rosa"},"content":{"rendered":"<p>Imprimimos tus enc\u00edas con resina rosa, usamos lo \u00faltimos en materiales para nuestros clientes. Precio unitario.<\/p>","protected":false},"excerpt":{"rendered":"<p>Imprime tus enc\u00edas con resina rosa.<\/p>","protected":false},"featured_media":0,"template":"","meta":{"site-sidebar-layout":"default","site-content-layout":"","ast-site-content-layout":"default","site-content-style":"default","site-sidebar-style":"default","ast-global-header-display":"","ast-banner-title-visibility":"","ast-main-header-display":"","ast-hfb-above-header-display":"","ast-hfb-below-header-display":"","ast-hfb-mobile-header-display":"","site-post-title":"","ast-breadcrumbs-content":"","ast-featured-img":"","footer-sml-layout":"","ast-disable-related-posts":"","theme-transparent-header-meta":"default","adv-header-id-meta":"","stick-header-meta":"","header-above-stick-meta":"","header-main-stick-meta":"","header-below-stick-meta":"","astra-migrate-meta-layouts":"set","ast-page-background-enabled":"default","ast-page-background-meta":{"desktop":{"background-color":"var(--ast-global-color-4)","background-image":"","background-repeat":"repeat","background-position":"center center","background-size":"auto","background-attachment":"scroll","background-type":"","background-media":"","overlay-type":"","overlay-color":"","overlay-opacity":"","overlay-gradient":""},"tablet":{"background-color":"","background-image":"","background-repeat":"repeat","background-position":"center center","background-size":"auto","background-attachment":"scroll","background-type":"","background-media":"","overlay-type":"","overlay-color":"","overlay-opacity":"","overlay-gradient":""},"mobile":{"background-color":"","background-image":"","background-repeat":"repeat","background-position":"center center","background-size":"auto","background-attachment":"scroll","background-type":"","background-media":"","overlay-type":"","overlay-color":"","overlay-opacity":"","overlay-gradient":""}},"ast-content-background-meta":{"desktop":{"background-color":"var(--ast-global-color-5)","background-image":"","background-repeat":"repeat","background-position":"center center","background-size":"auto","background-attachment":"scroll","background-type":"","background-media":"","overlay-type":"","overlay-color":"","overlay-opacity":"","overlay-gradient":""},"tablet":{"background-color":"var(--ast-global-color-5)","background-image":"","background-repeat":"repeat","background-position":"center center","background-size":"auto","background-attachment":"scroll","background-type":"","background-media":"","overlay-type":"","overlay-color":"","overlay-opacity":"","overlay-gradient":""},"mobile":{"background-color":"var(--ast-global-color-5)","background-image":"","background-repeat":"repeat","background-position":"center center","background-size":"auto","background-attachment":"scroll","background-type":"","background-media":"","overlay-type":"","overlay-color":"","overlay-opacity":"","overlay-gradient":""}},"_joinchat":[]},"product_brand":[],"product_cat":[24],"product_tag":[42],"class_list":{"0":"post-3501","1":"product","2":"type-product","3":"status-publish","5":"product_cat-impresion-3d","6":"product_tag-impresion-3d","7":"desktop-align-left","8":"tablet-align-left","9":"mobile-align-left","11":"first","12":"instock","13":"shipping-taxable","14":"product-type-simple"},"yoast_head":"<!-- This site is optimized with the Yoast SEO plugin v27.4 - https:\/\/yoast.com\/product\/yoast-seo-wordpress\/ -->\n<title>Impresi\u00f3n enc\u00eda rosa - Impresi\u00f3n 3D - Innovative Dental Lab<\/title>\n<meta name=\"description\" content=\"Imprime tus enc\u00edas en lo \u00faltimo en materiales para procesos 100% digitales, no te quedes atr\u00e1s y ad\u00e1ptate a la innovaci\u00f3n en el sector dental con nosotros!\" \/>\n<meta name=\"robots\" content=\"index, follow, max-snippet:-1, max-image-preview:large, max-video-preview:-1\" \/>\n<link rel=\"canonical\" href=\"https:\/\/identalab.com\/en\/product\/impresion-encia-rosa\/\" \/>\n<meta property=\"og:locale\" content=\"en_US\" \/>\n<meta property=\"og:type\" content=\"article\" \/>\n<meta property=\"og:title\" content=\"Impresi\u00f3n enc\u00eda rosa - Impresi\u00f3n 3D - Innovative Dental Lab\" \/>\n<meta property=\"og:description\" content=\"Imprime tus enc\u00edas en lo \u00faltimo en materiales para procesos 100% digitales, no te quedes atr\u00e1s y ad\u00e1ptate a la innovaci\u00f3n en el sector dental con nosotros!\" \/>\n<meta property=\"og:url\" content=\"https:\/\/identalab.com\/en\/product\/impresion-encia-rosa\/\" \/>\n<meta property=\"og:site_name\" content=\"Innovative Dental Lab\" \/>\n<meta property=\"article:modified_time\" content=\"2024-11-10T22:58:49+00:00\" \/>\n<meta name=\"twitter:card\" content=\"summary_large_image\" \/>\n<meta name=\"twitter:label1\" content=\"Est. reading time\" \/>\n\t<meta name=\"twitter:data1\" content=\"1 minute\" \/>\n<script type=\"application\/ld+json\" class=\"yoast-schema-graph\">{\"@context\":\"https:\\\/\\\/schema.org\",\"@graph\":[{\"@type\":\"WebPage\",\"@id\":\"https:\\\/\\\/identalab.com\\\/product\\\/impresion-encia-rosa\\\/\",\"url\":\"https:\\\/\\\/identalab.com\\\/product\\\/impresion-encia-rosa\\\/\",\"name\":\"Impresi\u00f3n enc\u00eda rosa - Impresi\u00f3n 3D - Innovative Dental Lab\",\"isPartOf\":{\"@id\":\"https:\\\/\\\/identalab.com\\\/#website\"},\"datePublished\":\"2024-09-24T10:36:14+00:00\",\"dateModified\":\"2024-11-10T22:58:49+00:00\",\"description\":\"Imprime tus enc\u00edas en lo \u00faltimo en materiales para procesos 100% digitales, no te quedes atr\u00e1s y ad\u00e1ptate a la innovaci\u00f3n en el sector dental con nosotros!\",\"breadcrumb\":{\"@id\":\"https:\\\/\\\/identalab.com\\\/product\\\/impresion-encia-rosa\\\/#breadcrumb\"},\"inLanguage\":\"en-US\",\"potentialAction\":[{\"@type\":\"ReadAction\",\"target\":[\"https:\\\/\\\/identalab.com\\\/product\\\/impresion-encia-rosa\\\/\"]}]},{\"@type\":\"BreadcrumbList\",\"@id\":\"https:\\\/\\\/identalab.com\\\/product\\\/impresion-encia-rosa\\\/#breadcrumb\",\"itemListElement\":[{\"@type\":\"ListItem\",\"position\":1,\"name\":\"Home\",\"item\":\"https:\\\/\\\/identalab.com\\\/\"},{\"@type\":\"ListItem\",\"position\":2,\"name\":\"Tienda\",\"item\":\"https:\\\/\\\/identalab.com\\\/tienda\\\/\"},{\"@type\":\"ListItem\",\"position\":3,\"name\":\"Impresi\u00f3n enc\u00eda rosa\"}]},{\"@type\":\"WebSite\",\"@id\":\"https:\\\/\\\/identalab.com\\\/#website\",\"url\":\"https:\\\/\\\/identalab.com\\\/\",\"name\":\"Innovative Dental Lab\",\"description\":\"Laboratorio Dental - Flujo 100% Digital\",\"publisher\":{\"@id\":\"https:\\\/\\\/identalab.com\\\/#organization\"},\"potentialAction\":[{\"@type\":\"SearchAction\",\"target\":{\"@type\":\"EntryPoint\",\"urlTemplate\":\"https:\\\/\\\/identalab.com\\\/?s={search_term_string}\"},\"query-input\":{\"@type\":\"PropertyValueSpecification\",\"valueRequired\":true,\"valueName\":\"search_term_string\"}}],\"inLanguage\":\"en-US\"},{\"@type\":\"Organization\",\"@id\":\"https:\\\/\\\/identalab.com\\\/#organization\",\"name\":\"Innovative Dental Lab\",\"url\":\"https:\\\/\\\/identalab.com\\\/\",\"logo\":{\"@type\":\"ImageObject\",\"inLanguage\":\"en-US\",\"@id\":\"https:\\\/\\\/identalab.com\\\/#\\\/schema\\\/logo\\\/image\\\/\",\"url\":\"https:\\\/\\\/i0.wp.com\\\/identalab.com\\\/wp-content\\\/uploads\\\/2024\\\/04\\\/Logo-Innovative-con-fondo-recortado.png?fit=740%2C235&ssl=1\",\"contentUrl\":\"https:\\\/\\\/i0.wp.com\\\/identalab.com\\\/wp-content\\\/uploads\\\/2024\\\/04\\\/Logo-Innovative-con-fondo-recortado.png?fit=740%2C235&ssl=1\",\"width\":740,\"height\":235,\"caption\":\"Innovative Dental Lab\"},\"image\":{\"@id\":\"https:\\\/\\\/identalab.com\\\/#\\\/schema\\\/logo\\\/image\\\/\"}}]}<\/script>\n<!-- \/ Yoast SEO plugin. -->","yoast_head_json":{"title":"Impresi\u00f3n enc\u00eda rosa - Impresi\u00f3n 3D - Innovative Dental Lab","description":"Imprime tus enc\u00edas en lo \u00faltimo en materiales para procesos 100% digitales, no te quedes atr\u00e1s y ad\u00e1ptate a la innovaci\u00f3n en el sector dental con nosotros!","robots":{"index":"index","follow":"follow","max-snippet":"max-snippet:-1","max-image-preview":"max-image-preview:large","max-video-preview":"max-video-preview:-1"},"canonical":"https:\/\/identalab.com\/en\/product\/impresion-encia-rosa\/","og_locale":"en_US","og_type":"article","og_title":"Impresi\u00f3n enc\u00eda rosa - Impresi\u00f3n 3D - Innovative Dental Lab","og_description":"Imprime tus enc\u00edas en lo \u00faltimo en materiales para procesos 100% digitales, no te quedes atr\u00e1s y ad\u00e1ptate a la innovaci\u00f3n en el sector dental con nosotros!","og_url":"https:\/\/identalab.com\/en\/product\/impresion-encia-rosa\/","og_site_name":"Innovative Dental Lab","article_modified_time":"2024-11-10T22:58:49+00:00","twitter_card":"summary_large_image","twitter_misc":{"Est. reading time":"1 minute"},"schema":{"@context":"https:\/\/schema.org","@graph":[{"@type":"WebPage","@id":"https:\/\/identalab.com\/product\/impresion-encia-rosa\/","url":"https:\/\/identalab.com\/product\/impresion-encia-rosa\/","name":"Impresi\u00f3n enc\u00eda rosa - Impresi\u00f3n 3D - Innovative Dental Lab","isPartOf":{"@id":"https:\/\/identalab.com\/#website"},"datePublished":"2024-09-24T10:36:14+00:00","dateModified":"2024-11-10T22:58:49+00:00","description":"Imprime tus enc\u00edas en lo \u00faltimo en materiales para procesos 100% digitales, no te quedes atr\u00e1s y ad\u00e1ptate a la innovaci\u00f3n en el sector dental con nosotros!","breadcrumb":{"@id":"https:\/\/identalab.com\/product\/impresion-encia-rosa\/#breadcrumb"},"inLanguage":"en-US","potentialAction":[{"@type":"ReadAction","target":["https:\/\/identalab.com\/product\/impresion-encia-rosa\/"]}]},{"@type":"BreadcrumbList","@id":"https:\/\/identalab.com\/product\/impresion-encia-rosa\/#breadcrumb","itemListElement":[{"@type":"ListItem","position":1,"name":"Home","item":"https:\/\/identalab.com\/"},{"@type":"ListItem","position":2,"name":"Tienda","item":"https:\/\/identalab.com\/tienda\/"},{"@type":"ListItem","position":3,"name":"Impresi\u00f3n enc\u00eda rosa"}]},{"@type":"WebSite","@id":"https:\/\/identalab.com\/#website","url":"https:\/\/identalab.com\/","name":"Innovative Dental Lab","description":"Laboratorio Dental - Flujo 100% Digital","publisher":{"@id":"https:\/\/identalab.com\/#organization"},"potentialAction":[{"@type":"SearchAction","target":{"@type":"EntryPoint","urlTemplate":"https:\/\/identalab.com\/?s={search_term_string}"},"query-input":{"@type":"PropertyValueSpecification","valueRequired":true,"valueName":"search_term_string"}}],"inLanguage":"en-US"},{"@type":"Organization","@id":"https:\/\/identalab.com\/#organization","name":"Innovative Dental Lab","url":"https:\/\/identalab.com\/","logo":{"@type":"ImageObject","inLanguage":"en-US","@id":"https:\/\/identalab.com\/#\/schema\/logo\/image\/","url":"https:\/\/i0.wp.com\/identalab.com\/wp-content\/uploads\/2024\/04\/Logo-Innovative-con-fondo-recortado.png?fit=740%2C235&ssl=1","contentUrl":"https:\/\/i0.wp.com\/identalab.com\/wp-content\/uploads\/2024\/04\/Logo-Innovative-con-fondo-recortado.png?fit=740%2C235&ssl=1","width":740,"height":235,"caption":"Innovative Dental Lab"},"image":{"@id":"https:\/\/identalab.com\/#\/schema\/logo\/image\/"}}]}},"jetpack_sharing_enabled":true,"_links":{"self":[{"href":"https:\/\/identalab.com\/en\/wp-json\/wp\/v2\/product\/3501","targetHints":{"allow":["GET"]}}],"collection":[{"href":"https:\/\/identalab.com\/en\/wp-json\/wp\/v2\/product"}],"about":[{"href":"https:\/\/identalab.com\/en\/wp-json\/wp\/v2\/types\/product"}],"wp:attachment":[{"href":"https:\/\/identalab.com\/en\/wp-json\/wp\/v2\/media?parent=3501"}],"wp:term":[{"taxonomy":"product_brand","embeddable":true,"href":"https:\/\/identalab.com\/en\/wp-json\/wp\/v2\/product_brand?post=3501"},{"taxonomy":"product_cat","embeddable":true,"href":"https:\/\/identalab.com\/en\/wp-json\/wp\/v2\/product_cat?post=3501"},{"taxonomy":"product_tag","embeddable":true,"href":"https:\/\/identalab.com\/en\/wp-json\/wp\/v2\/product_tag?post=3501"}],"curies":[{"name":"wp","href":"https:\/\/api.w.org\/{rel}","templated":true}]}}