{"id":3,"date":"2024-03-11T21:11:00","date_gmt":"2024-03-11T21:11:00","guid":{"rendered":"https:\/\/identalab.com\/?page_id=3"},"modified":"2024-04-16T17:09:21","modified_gmt":"2024-04-16T15:09:21","slug":"privacy-policy","status":"publish","type":"page","link":"https:\/\/identalab.com\/en\/privacy-policy\/","title":{"rendered":"Pol\u00edticas de Privacidad"},"content":{"rendered":"<p><strong><strong>AI Dental Solutions \u2013 Software Y Hardware Dental S.L.<\/strong><\/strong>, como Responsable del Tratamiento, le informa que, de conformidad con lo dispuesto en el Reglamento (UE) 2016\/679, de 27 de abril, (RGPD) y en la L.O. 3\/2018, de 5 de diciembre, de protecci\u00f3n de datos y garant\u00eda de los derechos digitales (LOPDGDD), trataremos tus datos tal y como reflejamos en esta Pol\u00edtica de Privacidad.<\/p>\n\n\n\n<p>En esta Pol\u00edtica de Privacidad describimos c\u00f3mo recopilamos sus datos personales y por qu\u00e9 los recopilamos, qu\u00e9 hacemos con ellos, con qui\u00e9n los compartimos, c\u00f3mo los protegemos y sus opciones con respecto al procesamiento de sus datos personales.<\/p>\n\n\n\n<p>Esta Pol\u00edtica se aplica al procesamiento de sus datos personales recopilados por la empresa para la prestaci\u00f3n de sus servicios. Si acepta las medidas de esta Pol\u00edtica, acepta que procesemos sus datos personales como se define en esta Pol\u00edtica.<\/p>\n\n\n\n<p>\u200b<\/p>\n\n\n\n<p>\u200b<\/p>\n\n\n\n<p><strong>2. CONTACTO<\/strong><\/p>\n\n\n\n<p>\u200b<\/p>\n\n\n\n<p><strong>Nombre de la empresa:<\/strong>\u00a0AI Dental Solutions \u2013 Software Y Hardware Dental S.L.<\/p>\n\n\n\n<p><strong>Nombre comercial:<\/strong>&nbsp;Innovative Dental Lab<\/p>\n\n\n\n<p><strong>CIF:\u00a0<\/strong>B-16390247<\/p>\n\n\n\n<p><strong>DIRECCI\u00d3N:<\/strong><\/p>\n\n\n\n<p>Avenida Alcalde Manuel Cabello 1, 2-4<br>Camas, Sevilla, C.P.: 41900<br>Espa\u00f1a<\/p>\n\n\n\n<p><strong>Correo electr\u00f3nico:<\/strong>\u00a0<a href=\"mailto:info@identalab.com\">info@identalab.com<\/a><\/p>\n\n\n\n<p><\/p>\n\n\n\n<p><br><strong>3. PRINCIPIOS CLAVE<\/strong><\/p>\n\n\n\n<p>\u200b<\/p>\n\n\n\n<p>Siempre hemos estado comprometidos con brindar nuestros servicios con el m\u00e1s alto grado de calidad, lo que incluye tratar tus datos con seguridad y transparencia. Nuestros principios son:<\/p>\n\n\n\n<p>\u200b<\/p>\n\n\n\n<p>\u2022&nbsp;<strong>Legalidad:<\/strong>&nbsp;S\u00f3lo recogeremos sus Datos Personales para fines espec\u00edficos, expl\u00edcitos y leg\u00edtimos.<\/p>\n\n\n\n<p>\u2022&nbsp;<strong>Minimizaci\u00f3n de datos:<\/strong>&nbsp;Limitamos la recopilaci\u00f3n de datos personales a lo estrictamente relevante y necesario para los fines para los que fueron recopilados.<\/p>\n\n\n\n<p>\u2022&nbsp;<strong>Limitaci\u00f3n de la finalidad:<\/strong>&nbsp;S\u00f3lo recopilaremos sus datos personales para las finalidades indicadas y \u00fanicamente seg\u00fan sus deseos.<\/p>\n\n\n\n<p>\u2022&nbsp;<strong>Precisi\u00f3n:<\/strong>&nbsp;Mantendremos su informaci\u00f3n personal precisa y actualizada.<\/p>\n\n\n\n<p>\u2022&nbsp;<strong>Seguridad de los datos:<\/strong>&nbsp;Aplicamos las medidas t\u00e9cnicas y organizativas adecuadas y proporcionales a los riesgos para garantizar que sus datos no sufran da\u00f1os, tales como divulgaci\u00f3n o acceso no autorizado, destrucci\u00f3n accidental o ilegal o p\u00e9rdida o alteraci\u00f3n accidental y cualquier otra forma de tratamiento il\u00edcito. .<\/p>\n\n\n\n<p>\u2022&nbsp;<strong>Acceso y Rectificaci\u00f3n:<\/strong>&nbsp;Disponemos de los medios para que usted pueda acceder o rectificar sus datos cuando lo considere oportuno.<\/p>\n\n\n\n<p>\u2022&nbsp;<strong>Retenci\u00f3n:<\/strong>&nbsp;Conservamos sus datos personales de forma legal y adecuada y s\u00f3lo durante el tiempo que sea necesario para los fines para los que fueron recopilados.<\/p>\n\n\n\n<p>\u2022&nbsp;<strong>Transferencias internacionales:&nbsp;<\/strong>cuando se d\u00e9 el caso de que sus datos vayan a ser transferidos fuera de la UE\/EEE, estar\u00e1n adecuadamente protegidos.<\/p>\n\n\n\n<p>\u2022&nbsp;<strong>Terceros:<\/strong>&nbsp;El acceso y la transferencia de datos personales a terceros se realizan de conformidad con las leyes y normativas aplicables y con las garant\u00edas contractuales adecuadas.<\/p>\n\n\n\n<p>\u2022&nbsp;<strong>Marketing Directo y cookies:<\/strong>&nbsp;Cumplimos con la legislaci\u00f3n aplicable en materia de publicidad y cookies.<\/p>\n\n\n\n<p><br><strong>4. RECOPILACI\u00d3N Y TRATAMIENTO DE SUS DATOS PERSONALES<\/strong><\/p>\n\n\n\n<p><br>Los tipos de datos que se pueden solicitar y tratar son:<\/p>\n\n\n\n<p>\u200b<\/p>\n\n\n\n<p>\u2022 Datos identificativos.<\/p>\n\n\n\n<p>Siempre que solicitemos sus Datos personales, le informaremos claramente qu\u00e9 datos personales recopilamos y con qu\u00e9 finalidad. En general, recopilamos y procesamos sus datos personales con el fin de:<\/p>\n\n\n\n<p>\u2022 Proporcionar informaci\u00f3n, servicios, productos, informaci\u00f3n relevante y novedades del sector.<\/p>\n\n\n\n<p>\u2022 Env\u00edo de comunicaciones.<\/p>\n\n\n\n<p><br><strong>5. LEGITIMIDAD<\/strong><\/p>\n\n\n\n<p><br>De acuerdo con la normativa de protecci\u00f3n de datos aplicable, sus datos personales podr\u00e1n ser tratados siempre que:<\/p>\n\n\n\n<p>\u200b<\/p>\n\n\n\n<p>\u2022 Nos has dado tu consentimiento para las finalidades del tratamiento. Por supuesto puedes retirar tu consentimiento en cualquier momento.<\/p>\n\n\n\n<p>\u2022 Por exigencia legal.<\/p>\n\n\n\n<p>\u2022 Porque existe un inter\u00e9s leg\u00edtimo que no se ve menoscabado por sus derechos de privacidad, como es el env\u00edo de informaci\u00f3n comercial ya sea por la suscripci\u00f3n a nuestra newsletter o por ser cliente.<\/p>\n\n\n\n<p>\u2022 Porque es necesario para la prestaci\u00f3n de cualquiera de nuestros servicios a trav\u00e9s de una relaci\u00f3n contractual entre usted y nosotros.<\/p>\n\n\n\n<p><br><strong>6. COMUNICACI\u00d3N DE DATOS PERSONALES<\/strong><\/p>\n\n\n\n<p><br>Los datos podr\u00e1n ser comunicados a empresas relacionadas con\u00a0<strong><strong>AI Dental Solutions \u2013 Software Y Hardware Dental S.L.<\/strong><\/strong>\u00a0para la prestaci\u00f3n de los distintos servicios como Encargados del Tratamiento. La empresa no realizar\u00e1 ninguna cesi\u00f3n, salvo obligaci\u00f3n legal.<\/p>\n\n\n\n<p><br><strong>7. TUS DERECHOS<\/strong><\/p>\n\n\n\n<p>En relaci\u00f3n con la recogida y tratamiento de sus datos personales, puede ponerse en contacto con nosotros en cualquier momento para:<\/p>\n\n\n\n<p>\u200b<\/p>\n\n\n\n<p>\u2022 Acceder a sus datos personales y cualquier otra informaci\u00f3n indicada en el art\u00edculo 15.1 del RGPD.<\/p>\n\n\n\n<p>\u2022 Rectificar sus datos personales que sean inexactos o incompletos de conformidad con el art\u00edculo 16 del RGPD.<\/p>\n\n\n\n<p>\u2022 Suprimir sus datos personales de conformidad con el art\u00edculo 17 del RGPD.<\/p>\n\n\n\n<p>\u2022 Limitar el tratamiento de sus datos personales de conformidad con el art\u00edculo 18 del RGPD.<\/p>\n\n\n\n<p>\u2022 Solicitar la portabilidad de sus datos de conformidad con el art\u00edculo 20 del RGPD.<\/p>\n\n\n\n<p>\u2022 Oponerse al tratamiento de sus datos personales de conformidad con el art\u00edculo 21 del RGPD.<\/p>\n\n\n\n<p><br>Si ha dado su consentimiento para una finalidad concreta, tiene derecho a retirar el consentimiento otorgado en cualquier momento, sin que ello afecte a la licitud del tratamiento basado en el consentimiento previo a su retirada hr.<\/p>\n\n\n\n<p>Podr\u00e1 ejercitar estos derechos enviando una comunicaci\u00f3n motivada y acreditada a\u00a0<a href=\"mailto:info@identalab.com\">info@identalab.com<\/a>.<\/p>\n\n\n\n<p>Tu tambi\u00e9n tienes derechos.<\/p>","protected":false},"excerpt":{"rendered":"<p>AI Dental Solutions \u2013 Software Y Hardware Dental S.L., como Responsable del Tratamiento, le informa que, de conformidad con lo dispuesto en el Reglamento (UE) 2016\/679, de 27 de abril, (RGPD) y en la L.O. 3\/2018, de 5 de diciembre, de protecci\u00f3n de datos y garant\u00eda de los derechos digitales (LOPDGDD), trataremos tus datos tal [&hellip;]<\/p>\n","protected":false},"author":1,"featured_media":0,"parent":0,"menu_order":0,"comment_status":"closed","ping_status":"open","template":"","meta":{"site-sidebar-layout":"default","site-content-layout":"","ast-site-content-layout":"default","site-content-style":"default","site-sidebar-style":"default","ast-global-header-display":"","ast-banner-title-visibility":"","ast-main-header-display":"","ast-hfb-above-header-display":"","ast-hfb-below-header-display":"","ast-hfb-mobile-header-display":"","site-post-title":"","ast-breadcrumbs-content":"","ast-featured-img":"","footer-sml-layout":"","ast-disable-related-posts":"","theme-transparent-header-meta":"disabled","adv-header-id-meta":"","stick-header-meta":"","header-above-stick-meta":"","header-main-stick-meta":"","header-below-stick-meta":"","astra-migrate-meta-layouts":"set","ast-page-background-enabled":"default","ast-page-background-meta":{"desktop":{"background-color":"var(--ast-global-color-4)","background-image":"","background-repeat":"repeat","background-position":"center center","background-size":"auto","background-attachment":"scroll","background-type":"","background-media":"","overlay-type":"","overlay-color":"","overlay-opacity":"","overlay-gradient":""},"tablet":{"background-color":"","background-image":"","background-repeat":"repeat","background-position":"center center","background-size":"auto","background-attachment":"scroll","background-type":"","background-media":"","overlay-type":"","overlay-color":"","overlay-opacity":"","overlay-gradient":""},"mobile":{"background-color":"","background-image":"","background-repeat":"repeat","background-position":"center center","background-size":"auto","background-attachment":"scroll","background-type":"","background-media":"","overlay-type":"","overlay-color":"","overlay-opacity":"","overlay-gradient":""}},"ast-content-background-meta":{"desktop":{"background-color":"var(--ast-global-color-5)","background-image":"","background-repeat":"repeat","background-position":"center center","background-size":"auto","background-attachment":"scroll","background-type":"","background-media":"","overlay-type":"","overlay-color":"","overlay-opacity":"","overlay-gradient":""},"tablet":{"background-color":"var(--ast-global-color-5)","background-image":"","background-repeat":"repeat","background-position":"center center","background-size":"auto","background-attachment":"scroll","background-type":"","background-media":"","overlay-type":"","overlay-color":"","overlay-opacity":"","overlay-gradient":""},"mobile":{"background-color":"var(--ast-global-color-5)","background-image":"","background-repeat":"repeat","background-position":"center center","background-size":"auto","background-attachment":"scroll","background-type":"","background-media":"","overlay-type":"","overlay-color":"","overlay-opacity":"","overlay-gradient":""}},"_joinchat":[],"footnotes":""},"class_list":["post-3","page","type-page","status-publish","hentry"],"yoast_head":"<!-- This site is optimized with the Yoast SEO plugin v27.4 - https:\/\/yoast.com\/product\/yoast-seo-wordpress\/ -->\n<title>Pol\u00edticas de privacidad<\/title>\n<meta name=\"robots\" content=\"index, follow, max-snippet:-1, max-image-preview:large, max-video-preview:-1\" \/>\n<link rel=\"canonical\" href=\"https:\/\/identalab.com\/en\/privacy-policy\/\" \/>\n<meta property=\"og:locale\" content=\"en_US\" \/>\n<meta property=\"og:type\" content=\"article\" \/>\n<meta property=\"og:title\" content=\"Pol\u00edticas de privacidad\" \/>\n<meta property=\"og:description\" content=\"AI Dental Solutions \u2013 Software Y Hardware Dental S.L., como Responsable del Tratamiento, le informa que, de conformidad con lo dispuesto en el Reglamento (UE) 2016\/679, de 27 de abril, (RGPD) y en la L.O. 3\/2018, de 5 de diciembre, de protecci\u00f3n de datos y garant\u00eda de los derechos digitales (LOPDGDD), trataremos tus datos tal [&hellip;]\" \/>\n<meta property=\"og:url\" content=\"https:\/\/identalab.com\/en\/privacy-policy\/\" \/>\n<meta property=\"og:site_name\" content=\"Innovative Dental Lab\" \/>\n<meta property=\"article:modified_time\" content=\"2024-04-16T15:09:21+00:00\" \/>\n<meta name=\"twitter:card\" content=\"summary_large_image\" \/>\n<meta name=\"twitter:label1\" content=\"Est. reading time\" \/>\n\t<meta name=\"twitter:data1\" content=\"4 minutes\" \/>\n<script type=\"application\/ld+json\" class=\"yoast-schema-graph\">{\"@context\":\"https:\\\/\\\/schema.org\",\"@graph\":[{\"@type\":\"WebPage\",\"@id\":\"https:\\\/\\\/identalab.com\\\/privacy-policy\\\/\",\"url\":\"https:\\\/\\\/identalab.com\\\/privacy-policy\\\/\",\"name\":\"Pol\u00edticas de privacidad\",\"isPartOf\":{\"@id\":\"https:\\\/\\\/identalab.com\\\/#website\"},\"datePublished\":\"2024-03-11T21:11:00+00:00\",\"dateModified\":\"2024-04-16T15:09:21+00:00\",\"breadcrumb\":{\"@id\":\"https:\\\/\\\/identalab.com\\\/privacy-policy\\\/#breadcrumb\"},\"inLanguage\":\"en-US\",\"potentialAction\":[{\"@type\":\"ReadAction\",\"target\":[\"https:\\\/\\\/identalab.com\\\/privacy-policy\\\/\"]}]},{\"@type\":\"BreadcrumbList\",\"@id\":\"https:\\\/\\\/identalab.com\\\/privacy-policy\\\/#breadcrumb\",\"itemListElement\":[{\"@type\":\"ListItem\",\"position\":1,\"name\":\"Home\",\"item\":\"https:\\\/\\\/identalab.com\\\/\"},{\"@type\":\"ListItem\",\"position\":2,\"name\":\"Pol\u00edticas de Privacidad\"}]},{\"@type\":\"WebSite\",\"@id\":\"https:\\\/\\\/identalab.com\\\/#website\",\"url\":\"https:\\\/\\\/identalab.com\\\/\",\"name\":\"Innovative Dental Lab\",\"description\":\"Laboratorio Dental - Flujo 100% Digital\",\"publisher\":{\"@id\":\"https:\\\/\\\/identalab.com\\\/#organization\"},\"potentialAction\":[{\"@type\":\"SearchAction\",\"target\":{\"@type\":\"EntryPoint\",\"urlTemplate\":\"https:\\\/\\\/identalab.com\\\/?s={search_term_string}\"},\"query-input\":{\"@type\":\"PropertyValueSpecification\",\"valueRequired\":true,\"valueName\":\"search_term_string\"}}],\"inLanguage\":\"en-US\"},{\"@type\":\"Organization\",\"@id\":\"https:\\\/\\\/identalab.com\\\/#organization\",\"name\":\"Innovative Dental Lab\",\"url\":\"https:\\\/\\\/identalab.com\\\/\",\"logo\":{\"@type\":\"ImageObject\",\"inLanguage\":\"en-US\",\"@id\":\"https:\\\/\\\/identalab.com\\\/#\\\/schema\\\/logo\\\/image\\\/\",\"url\":\"https:\\\/\\\/i0.wp.com\\\/identalab.com\\\/wp-content\\\/uploads\\\/2024\\\/04\\\/Logo-Innovative-con-fondo-recortado.png?fit=740%2C235&ssl=1\",\"contentUrl\":\"https:\\\/\\\/i0.wp.com\\\/identalab.com\\\/wp-content\\\/uploads\\\/2024\\\/04\\\/Logo-Innovative-con-fondo-recortado.png?fit=740%2C235&ssl=1\",\"width\":740,\"height\":235,\"caption\":\"Innovative Dental Lab\"},\"image\":{\"@id\":\"https:\\\/\\\/identalab.com\\\/#\\\/schema\\\/logo\\\/image\\\/\"}}]}<\/script>\n<!-- \/ Yoast SEO plugin. -->","yoast_head_json":{"title":"Pol\u00edticas de privacidad","robots":{"index":"index","follow":"follow","max-snippet":"max-snippet:-1","max-image-preview":"max-image-preview:large","max-video-preview":"max-video-preview:-1"},"canonical":"https:\/\/identalab.com\/en\/privacy-policy\/","og_locale":"en_US","og_type":"article","og_title":"Pol\u00edticas de privacidad","og_description":"AI Dental Solutions \u2013 Software Y Hardware Dental S.L., como Responsable del Tratamiento, le informa que, de conformidad con lo dispuesto en el Reglamento (UE) 2016\/679, de 27 de abril, (RGPD) y en la L.O. 3\/2018, de 5 de diciembre, de protecci\u00f3n de datos y garant\u00eda de los derechos digitales (LOPDGDD), trataremos tus datos tal [&hellip;]","og_url":"https:\/\/identalab.com\/en\/privacy-policy\/","og_site_name":"Innovative Dental Lab","article_modified_time":"2024-04-16T15:09:21+00:00","twitter_card":"summary_large_image","twitter_misc":{"Est. reading time":"4 minutes"},"schema":{"@context":"https:\/\/schema.org","@graph":[{"@type":"WebPage","@id":"https:\/\/identalab.com\/privacy-policy\/","url":"https:\/\/identalab.com\/privacy-policy\/","name":"Pol\u00edticas de privacidad","isPartOf":{"@id":"https:\/\/identalab.com\/#website"},"datePublished":"2024-03-11T21:11:00+00:00","dateModified":"2024-04-16T15:09:21+00:00","breadcrumb":{"@id":"https:\/\/identalab.com\/privacy-policy\/#breadcrumb"},"inLanguage":"en-US","potentialAction":[{"@type":"ReadAction","target":["https:\/\/identalab.com\/privacy-policy\/"]}]},{"@type":"BreadcrumbList","@id":"https:\/\/identalab.com\/privacy-policy\/#breadcrumb","itemListElement":[{"@type":"ListItem","position":1,"name":"Home","item":"https:\/\/identalab.com\/"},{"@type":"ListItem","position":2,"name":"Pol\u00edticas de Privacidad"}]},{"@type":"WebSite","@id":"https:\/\/identalab.com\/#website","url":"https:\/\/identalab.com\/","name":"Innovative Dental Lab","description":"Laboratorio Dental - Flujo 100% Digital","publisher":{"@id":"https:\/\/identalab.com\/#organization"},"potentialAction":[{"@type":"SearchAction","target":{"@type":"EntryPoint","urlTemplate":"https:\/\/identalab.com\/?s={search_term_string}"},"query-input":{"@type":"PropertyValueSpecification","valueRequired":true,"valueName":"search_term_string"}}],"inLanguage":"en-US"},{"@type":"Organization","@id":"https:\/\/identalab.com\/#organization","name":"Innovative Dental Lab","url":"https:\/\/identalab.com\/","logo":{"@type":"ImageObject","inLanguage":"en-US","@id":"https:\/\/identalab.com\/#\/schema\/logo\/image\/","url":"https:\/\/i0.wp.com\/identalab.com\/wp-content\/uploads\/2024\/04\/Logo-Innovative-con-fondo-recortado.png?fit=740%2C235&ssl=1","contentUrl":"https:\/\/i0.wp.com\/identalab.com\/wp-content\/uploads\/2024\/04\/Logo-Innovative-con-fondo-recortado.png?fit=740%2C235&ssl=1","width":740,"height":235,"caption":"Innovative Dental Lab"},"image":{"@id":"https:\/\/identalab.com\/#\/schema\/logo\/image\/"}}]}},"jetpack_sharing_enabled":true,"_links":{"self":[{"href":"https:\/\/identalab.com\/en\/wp-json\/wp\/v2\/pages\/3","targetHints":{"allow":["GET"]}}],"collection":[{"href":"https:\/\/identalab.com\/en\/wp-json\/wp\/v2\/pages"}],"about":[{"href":"https:\/\/identalab.com\/en\/wp-json\/wp\/v2\/types\/page"}],"author":[{"embeddable":true,"href":"https:\/\/identalab.com\/en\/wp-json\/wp\/v2\/users\/1"}],"replies":[{"embeddable":true,"href":"https:\/\/identalab.com\/en\/wp-json\/wp\/v2\/comments?post=3"}],"version-history":[{"count":5,"href":"https:\/\/identalab.com\/en\/wp-json\/wp\/v2\/pages\/3\/revisions"}],"predecessor-version":[{"id":2604,"href":"https:\/\/identalab.com\/en\/wp-json\/wp\/v2\/pages\/3\/revisions\/2604"}],"wp:attachment":[{"href":"https:\/\/identalab.com\/en\/wp-json\/wp\/v2\/media?parent=3"}],"curies":[{"name":"wp","href":"https:\/\/api.w.org\/{rel}","templated":true}]}}