{"id":1317,"date":"2021-11-21T15:14:19","date_gmt":"2021-11-21T15:14:19","guid":{"rendered":"https:\/\/identalab.com\/about\/"},"modified":"2024-05-14T15:55:36","modified_gmt":"2024-05-14T13:55:36","slug":"quienes-somos","status":"publish","type":"page","link":"https:\/\/identalab.com\/en\/quienes-somos\/","title":{"rendered":"Qui\u00e9nes Somos"},"content":{"rendered":"<div data-elementor-type=\"wp-page\" data-elementor-id=\"1317\" class=\"elementor elementor-1317\">\n\t\t\t\t<div class=\"elementor-element elementor-element-dcfb448 e-flex e-con-boxed e-con e-parent\" data-id=\"dcfb448\" data-element_type=\"container\" data-e-type=\"container\" data-settings=\"{&quot;background_background&quot;:&quot;gradient&quot;}\">\n\t\t\t\t\t<div class=\"e-con-inner\">\n\t\t<div class=\"elementor-element elementor-element-d21b7e0 e-flex e-con-boxed e-con e-child\" data-id=\"d21b7e0\" data-element_type=\"container\" data-e-type=\"container\">\n\t\t\t\t\t<div class=\"e-con-inner\">\n\t\t\t\t<div class=\"elementor-element elementor-element-e9fd9dc elementor-widget elementor-widget-heading\" data-id=\"e9fd9dc\" data-element_type=\"widget\" data-e-type=\"widget\" data-widget_type=\"heading.default\">\n\t\t\t\t<div class=\"elementor-widget-container\">\n\t\t\t\t\t<h1 class=\"elementor-heading-title elementor-size-default\">Qui\u00e9nes Somos<\/h1>\t\t\t\t<\/div>\n\t\t\t\t<\/div>\n\t\t\t\t\t<\/div>\n\t\t\t\t<\/div>\n\t\t\t\t\t<\/div>\n\t\t\t\t<\/div>\n\t\t<div class=\"elementor-element elementor-element-500861b e-flex e-con-boxed e-con e-parent\" data-id=\"500861b\" data-element_type=\"container\" data-e-type=\"container\">\n\t\t\t\t\t<div class=\"e-con-inner\">\n\t\t<div class=\"elementor-element elementor-element-7dbc6fb e-con-full e-flex e-con e-child\" data-id=\"7dbc6fb\" data-element_type=\"container\" data-e-type=\"container\">\n\t\t\t\t<div class=\"elementor-element elementor-element-6658dc9 elementor-widget elementor-widget-heading\" data-id=\"6658dc9\" data-element_type=\"widget\" data-e-type=\"widget\" data-widget_type=\"heading.default\">\n\t\t\t\t<div class=\"elementor-widget-container\">\n\t\t\t\t\t<h4 class=\"elementor-heading-title elementor-size-default\">En <i>Innovative Dental Lab<\/i> nos enorgullecemos de ser pioneros en la industria dental, liderando el camino hacia la innovaci\u00f3n y la excelencia. Desde nuestra compa\u00f1\u00eda, hemos estado comprometidos con una visi\u00f3n clara: automatizar el d\u00eda a d\u00eda prot\u00e9sico, ofreciendo soluciones eficientes, precisas y de vanguardia.<br><br>\nNuestro equipo est\u00e1 formado por expertos apasionados, con una profunda experiencia en odontolog\u00eda digital, morfolog\u00eda y est\u00e9tica e ingenier\u00eda y tecnolog\u00edas de vanguardia. Nos dedicamos a entender las necesidades espec\u00edficas de nuestros clientes y a ofrecer soluciones personalizadas que impulsen su \u00e9xito.<br><br>\n\nPara nosotros la calidad es nuestra prioridad n\u00famero uno. Nos esforzamos por superar las expectativas en cada trabajo, garantizando resultados que inspiran calidad y satisfacci\u00f3n. Adem\u00e1s, nos comprometemos a mantenernos a la vanguardia de la tecnolog\u00eda, para seguir ofreciendo servicios de primera clase a nuestros clientes.<br><br>\n\nEstamos aqu\u00ed para ser tu socio de confianza en el camino hacia el \u00e9xito.<b> \u00a1\u00danete a nosotros y descubre c\u00f3mo juntos podemos llevar tu d\u00eda a d\u00eda al siguiente nivel!<\/b><span style=\"color: var(--ast-global-color-2);font-style: inherit;background-color: var(--ast-global-color-5)\"><\/span><br><\/h4>\t\t\t\t<\/div>\n\t\t\t\t<\/div>\n\t\t\t\t<div class=\"elementor-element elementor-element-e9a8c1e elementor-widget elementor-widget-image\" data-id=\"e9a8c1e\" data-element_type=\"widget\" data-e-type=\"widget\" data-widget_type=\"image.default\">\n\t\t\t\t<div class=\"elementor-widget-container\">\n\t\t\t\t\t\t\t\t\t\t\t\t\t\t\t<img fetchpriority=\"high\" decoding=\"async\" width=\"768\" height=\"512\" src=\"https:\/\/i0.wp.com\/identalab.com\/wp-content\/uploads\/2024\/03\/pexels-helena-lopes-697243-scaled.jpg?fit=768%2C512&amp;ssl=1\" class=\"attachment-medium_large size-medium_large wp-image-1933\" alt=\"Foto de equipo\" srcset=\"https:\/\/i0.wp.com\/identalab.com\/wp-content\/uploads\/2024\/03\/pexels-helena-lopes-697243-scaled.jpg?w=2560&amp;ssl=1 2560w, https:\/\/i0.wp.com\/identalab.com\/wp-content\/uploads\/2024\/03\/pexels-helena-lopes-697243-scaled.jpg?resize=300%2C200&amp;ssl=1 300w, https:\/\/i0.wp.com\/identalab.com\/wp-content\/uploads\/2024\/03\/pexels-helena-lopes-697243-scaled.jpg?resize=1024%2C683&amp;ssl=1 1024w, https:\/\/i0.wp.com\/identalab.com\/wp-content\/uploads\/2024\/03\/pexels-helena-lopes-697243-scaled.jpg?resize=768%2C512&amp;ssl=1 768w, https:\/\/i0.wp.com\/identalab.com\/wp-content\/uploads\/2024\/03\/pexels-helena-lopes-697243-scaled.jpg?resize=1536%2C1024&amp;ssl=1 1536w, https:\/\/i0.wp.com\/identalab.com\/wp-content\/uploads\/2024\/03\/pexels-helena-lopes-697243-scaled.jpg?resize=2048%2C1365&amp;ssl=1 2048w\" sizes=\"(max-width: 768px) 100vw, 768px\" \/>\t\t\t\t\t\t\t\t\t\t\t\t\t\t\t<\/div>\n\t\t\t\t<\/div>\n\t\t<div class=\"elementor-element elementor-element-51b695b e-flex e-con-boxed e-con e-child\" data-id=\"51b695b\" data-element_type=\"container\" data-e-type=\"container\">\n\t\t\t\t\t<div class=\"e-con-inner\">\n\t\t<div class=\"elementor-element elementor-element-bda37a0 e-flex e-con-boxed e-con e-child\" data-id=\"bda37a0\" data-element_type=\"container\" data-e-type=\"container\">\n\t\t\t\t\t<div class=\"e-con-inner\">\n\t\t\t\t<div class=\"elementor-element elementor-element-6d20ef0 elementor-widget elementor-widget-heading\" data-id=\"6d20ef0\" data-element_type=\"widget\" data-e-type=\"widget\" data-widget_type=\"heading.default\">\n\t\t\t\t<div class=\"elementor-widget-container\">\n\t\t\t\t\t<h3 class=\"elementor-heading-title elementor-size-default\">Nuestra Misi\u00f3n<\/h3>\t\t\t\t<\/div>\n\t\t\t\t<\/div>\n\t\t\t\t<div class=\"elementor-element elementor-element-91bab08 elementor-widget elementor-widget-text-editor\" data-id=\"91bab08\" data-element_type=\"widget\" data-e-type=\"widget\" data-widget_type=\"text-editor.default\">\n\t\t\t\t<div class=\"elementor-widget-container\">\n\t\t\t\t\t\t\t\t\t<p>Nuestra misi\u00f3n es simple pero poderosa: ayudar a cl\u00ednicas y laboratorios dentales digitalizados a optimizar sus procesos, reducir costes y aumentar sus m\u00e1rgenes de beneficio, todo mientras liberan tiempo para centrarse en lo que para ellos es lo m\u00e1s importante.&nbsp;<\/p>\t\t\t\t\t\t\t\t<\/div>\n\t\t\t\t<\/div>\n\t\t\t\t\t<\/div>\n\t\t\t\t<\/div>\n\t\t\t\t\t<\/div>\n\t\t\t\t<\/div>\n\t\t\t\t<\/div>\n\t\t\t\t\t<\/div>\n\t\t\t\t<\/div>\n\t\t<div class=\"elementor-element elementor-element-6229d41 e-flex e-con-boxed e-con e-parent\" data-id=\"6229d41\" data-element_type=\"container\" data-e-type=\"container\">\n\t\t\t\t\t<div class=\"e-con-inner\">\n\t\t\t\t<div class=\"elementor-element elementor-element-2061947 elementor-widget elementor-widget-heading\" data-id=\"2061947\" data-element_type=\"widget\" data-e-type=\"widget\" data-widget_type=\"heading.default\">\n\t\t\t\t<div class=\"elementor-widget-container\">\n\t\t\t\t\t<h3 class=\"elementor-heading-title elementor-size-default\">Nuestros Valores<\/h3>\t\t\t\t<\/div>\n\t\t\t\t<\/div>\n\t\t\t\t<div class=\"elementor-element elementor-element-4a80de9 elementor-align-start elementor-icon-list--layout-traditional elementor-list-item-link-full_width elementor-widget elementor-widget-icon-list\" data-id=\"4a80de9\" data-element_type=\"widget\" data-e-type=\"widget\" data-widget_type=\"icon-list.default\">\n\t\t\t\t<div class=\"elementor-widget-container\">\n\t\t\t\t\t\t\t<ul class=\"elementor-icon-list-items\">\n\t\t\t\t\t\t\t<li class=\"elementor-icon-list-item\">\n\t\t\t\t\t\t\t\t\t\t\t<span class=\"elementor-icon-list-icon\">\n\t\t\t\t\t\t\t<svg aria-hidden=\"true\" class=\"e-font-icon-svg e-fas-dot-circle\" viewbox=\"0 0 512 512\" xmlns=\"http:\/\/www.w3.org\/2000\/svg\"><path d=\"M256 8C119.033 8 8 119.033 8 256s111.033 248 248 248 248-111.033 248-248S392.967 8 256 8zm80 248c0 44.112-35.888 80-80 80s-80-35.888-80-80 35.888-80 80-80 80 35.888 80 80z\"><\/path><\/svg>\t\t\t\t\t\t<\/span>\n\t\t\t\t\t\t\t\t\t\t<span class=\"elementor-icon-list-text\"><b>Innovaci\u00f3n:<\/b> Estamos comprometidos con la adopci\u00f3n de nuevas tecnolog\u00edas.<\/span>\n\t\t\t\t\t\t\t\t\t<\/li>\n\t\t\t\t\t\t\t\t<li class=\"elementor-icon-list-item\">\n\t\t\t\t\t\t\t\t\t\t\t<span class=\"elementor-icon-list-icon\">\n\t\t\t\t\t\t\t<svg aria-hidden=\"true\" class=\"e-font-icon-svg e-fas-dot-circle\" viewbox=\"0 0 512 512\" xmlns=\"http:\/\/www.w3.org\/2000\/svg\"><path d=\"M256 8C119.033 8 8 119.033 8 256s111.033 248 248 248 248-111.033 248-248S392.967 8 256 8zm80 248c0 44.112-35.888 80-80 80s-80-35.888-80-80 35.888-80 80-80 80 35.888 80 80z\"><\/path><\/svg>\t\t\t\t\t\t<\/span>\n\t\t\t\t\t\t\t\t\t\t<span class=\"elementor-icon-list-text\"><b>Eficiencia:<\/b> Priorizamos la optimizaci\u00f3n de los procesos reduciendo costes y mejorando m\u00e1rgenes.<\/span>\n\t\t\t\t\t\t\t\t\t<\/li>\n\t\t\t\t\t\t\t\t<li class=\"elementor-icon-list-item\">\n\t\t\t\t\t\t\t\t\t\t\t<span class=\"elementor-icon-list-icon\">\n\t\t\t\t\t\t\t<svg aria-hidden=\"true\" class=\"e-font-icon-svg e-fas-dot-circle\" viewbox=\"0 0 512 512\" xmlns=\"http:\/\/www.w3.org\/2000\/svg\"><path d=\"M256 8C119.033 8 8 119.033 8 256s111.033 248 248 248 248-111.033 248-248S392.967 8 256 8zm80 248c0 44.112-35.888 80-80 80s-80-35.888-80-80 35.888-80 80-80 80 35.888 80 80z\"><\/path><\/svg>\t\t\t\t\t\t<\/span>\n\t\t\t\t\t\t\t\t\t\t<span class=\"elementor-icon-list-text\"><b>Confianza:<\/b> Queremos construir relaciones solidas y duraderas basadas en la confianza mutua.<\/span>\n\t\t\t\t\t\t\t\t\t<\/li>\n\t\t\t\t\t\t\t\t<li class=\"elementor-icon-list-item\">\n\t\t\t\t\t\t\t\t\t\t\t<span class=\"elementor-icon-list-icon\">\n\t\t\t\t\t\t\t<svg aria-hidden=\"true\" class=\"e-font-icon-svg e-fas-dot-circle\" viewbox=\"0 0 512 512\" xmlns=\"http:\/\/www.w3.org\/2000\/svg\"><path d=\"M256 8C119.033 8 8 119.033 8 256s111.033 248 248 248 248-111.033 248-248S392.967 8 256 8zm80 248c0 44.112-35.888 80-80 80s-80-35.888-80-80 35.888-80 80-80 80 35.888 80 80z\"><\/path><\/svg>\t\t\t\t\t\t<\/span>\n\t\t\t\t\t\t\t\t\t\t<span class=\"elementor-icon-list-text\"><b>Colaboraci\u00f3n:<\/b> Valoramos la comunicaci\u00f3n con los clientes que nos facilite mejorar aquellos aspectos que as\u00ed lo requieren.<\/span>\n\t\t\t\t\t\t\t\t\t<\/li>\n\t\t\t\t\t\t\t\t<li class=\"elementor-icon-list-item\">\n\t\t\t\t\t\t\t\t\t\t\t<span class=\"elementor-icon-list-icon\">\n\t\t\t\t\t\t\t<svg aria-hidden=\"true\" class=\"e-font-icon-svg e-fas-dot-circle\" viewbox=\"0 0 512 512\" xmlns=\"http:\/\/www.w3.org\/2000\/svg\"><path d=\"M256 8C119.033 8 8 119.033 8 256s111.033 248 248 248 248-111.033 248-248S392.967 8 256 8zm80 248c0 44.112-35.888 80-80 80s-80-35.888-80-80 35.888-80 80-80 80 35.888 80 80z\"><\/path><\/svg>\t\t\t\t\t\t<\/span>\n\t\t\t\t\t\t\t\t\t\t<span class=\"elementor-icon-list-text\"><b>Responsabilidad:<\/b> Nos comprometemos a cumplir con los plazos y est\u00e1ndares de calidad establecidos.<\/span>\n\t\t\t\t\t\t\t\t\t<\/li>\n\t\t\t\t\t\t\t\t<li class=\"elementor-icon-list-item\">\n\t\t\t\t\t\t\t\t\t\t\t<span class=\"elementor-icon-list-icon\">\n\t\t\t\t\t\t\t<svg aria-hidden=\"true\" class=\"e-font-icon-svg e-fas-dot-circle\" viewbox=\"0 0 512 512\" xmlns=\"http:\/\/www.w3.org\/2000\/svg\"><path d=\"M256 8C119.033 8 8 119.033 8 256s111.033 248 248 248 248-111.033 248-248S392.967 8 256 8zm80 248c0 44.112-35.888 80-80 80s-80-35.888-80-80 35.888-80 80-80 80 35.888 80 80z\"><\/path><\/svg>\t\t\t\t\t\t<\/span>\n\t\t\t\t\t\t\t\t\t\t<span class=\"elementor-icon-list-text\"><b>Adaptabilidad:<\/b> Estamos preparados para adaptarnos a las necesidades cambiantes del mercado y de nuestros clientes. <\/span>\n\t\t\t\t\t\t\t\t\t<\/li>\n\t\t\t\t\t\t\t\t<li class=\"elementor-icon-list-item\">\n\t\t\t\t\t\t\t\t\t\t\t<span class=\"elementor-icon-list-icon\">\n\t\t\t\t\t\t\t<svg aria-hidden=\"true\" class=\"e-font-icon-svg e-fas-dot-circle\" viewbox=\"0 0 512 512\" xmlns=\"http:\/\/www.w3.org\/2000\/svg\"><path d=\"M256 8C119.033 8 8 119.033 8 256s111.033 248 248 248 248-111.033 248-248S392.967 8 256 8zm80 248c0 44.112-35.888 80-80 80s-80-35.888-80-80 35.888-80 80-80 80 35.888 80 80z\"><\/path><\/svg>\t\t\t\t\t\t<\/span>\n\t\t\t\t\t\t\t\t\t\t<span class=\"elementor-icon-list-text\"><b>Responsabilidad Medioambiental:<\/b> Nos responsabilizamos de nuestras actividades y tomamos medidas para ayudar al medio ambiente.<\/span>\n\t\t\t\t\t\t\t\t\t<\/li>\n\t\t\t\t\t\t<\/ul>\n\t\t\t\t\t\t<\/div>\n\t\t\t\t<\/div>\n\t\t\t\t\t<\/div>\n\t\t\t\t<\/div>\n\t\t<div class=\"elementor-element elementor-element-7149239 e-flex e-con-boxed e-con e-parent\" data-id=\"7149239\" data-element_type=\"container\" data-e-type=\"container\">\n\t\t\t\t\t<div class=\"e-con-inner\">\n\t\t\t\t<div class=\"elementor-element elementor-element-cf85f3a elementor-widget elementor-widget-spacer\" data-id=\"cf85f3a\" data-element_type=\"widget\" data-e-type=\"widget\" data-widget_type=\"spacer.default\">\n\t\t\t\t<div class=\"elementor-widget-container\">\n\t\t\t\t\t\t\t<div class=\"elementor-spacer\">\n\t\t\t<div class=\"elementor-spacer-inner\"><\/div>\n\t\t<\/div>\n\t\t\t\t\t\t<\/div>\n\t\t\t\t<\/div>\n\t\t\t\t\t<\/div>\n\t\t\t\t<\/div>\n\t\t\t\t<\/div>","protected":false},"excerpt":{"rendered":"<p>Qui\u00e9nes Somos En Innovative Dental Lab nos enorgullecemos de ser pioneros en la industria dental, liderando el camino hacia la innovaci\u00f3n y la excelencia. Desde nuestra compa\u00f1\u00eda, hemos estado comprometidos con una visi\u00f3n clara: automatizar el d\u00eda a d\u00eda prot\u00e9sico, ofreciendo soluciones eficientes, precisas y de vanguardia. Nuestro equipo est\u00e1 formado por expertos apasionados, con [&hellip;]<\/p>\n","protected":false},"author":1,"featured_media":0,"parent":0,"menu_order":0,"comment_status":"closed","ping_status":"closed","template":"","meta":{"site-sidebar-layout":"no-sidebar","site-content-layout":"page-builder","ast-site-content-layout":"full-width-container","site-content-style":"unboxed","site-sidebar-style":"unboxed","ast-global-header-display":"","ast-banner-title-visibility":"","ast-main-header-display":"","ast-hfb-above-header-display":"","ast-hfb-below-header-display":"","ast-hfb-mobile-header-display":"","site-post-title":"disabled","ast-breadcrumbs-content":"","ast-featured-img":"disabled","footer-sml-layout":"","ast-disable-related-posts":"","theme-transparent-header-meta":"disabled","adv-header-id-meta":"","stick-header-meta":"","header-above-stick-meta":"","header-main-stick-meta":"","header-below-stick-meta":"","astra-migrate-meta-layouts":"set","ast-page-background-enabled":"default","ast-page-background-meta":{"desktop":{"background-color":"var(--ast-global-color-4)","background-image":"","background-repeat":"repeat","background-position":"center center","background-size":"auto","background-attachment":"scroll","background-type":"","background-media":"","overlay-type":"","overlay-color":"","overlay-opacity":"","overlay-gradient":""},"tablet":{"background-color":"","background-image":"","background-repeat":"repeat","background-position":"center center","background-size":"auto","background-attachment":"scroll","background-type":"","background-media":"","overlay-type":"","overlay-color":"","overlay-opacity":"","overlay-gradient":""},"mobile":{"background-color":"","background-image":"","background-repeat":"repeat","background-position":"center center","background-size":"auto","background-attachment":"scroll","background-type":"","background-media":"","overlay-type":"","overlay-color":"","overlay-opacity":"","overlay-gradient":""}},"ast-content-background-meta":{"desktop":{"background-color":"var(--ast-global-color-5)","background-image":"","background-repeat":"repeat","background-position":"center center","background-size":"auto","background-attachment":"scroll","background-type":"","background-media":"","overlay-type":"","overlay-color":"","overlay-opacity":"","overlay-gradient":""},"tablet":{"background-color":"var(--ast-global-color-5)","background-image":"","background-repeat":"repeat","background-position":"center center","background-size":"auto","background-attachment":"scroll","background-type":"","background-media":"","overlay-type":"","overlay-color":"","overlay-opacity":"","overlay-gradient":""},"mobile":{"background-color":"var(--ast-global-color-5)","background-image":"","background-repeat":"repeat","background-position":"center center","background-size":"auto","background-attachment":"scroll","background-type":"","background-media":"","overlay-type":"","overlay-color":"","overlay-opacity":"","overlay-gradient":""}},"_joinchat":[],"footnotes":""},"class_list":["post-1317","page","type-page","status-publish","hentry"],"yoast_head":"<!-- This site is optimized with the Yoast SEO plugin v27.4 - https:\/\/yoast.com\/product\/yoast-seo-wordpress\/ -->\n<title>Qui\u00e9nes somos<\/title>\n<meta name=\"robots\" content=\"index, follow, max-snippet:-1, max-image-preview:large, max-video-preview:-1\" \/>\n<link rel=\"canonical\" href=\"https:\/\/identalab.com\/en\/quienes-somos\/\" \/>\n<meta property=\"og:locale\" content=\"en_US\" \/>\n<meta property=\"og:type\" content=\"article\" \/>\n<meta property=\"og:title\" content=\"Qui\u00e9nes somos\" \/>\n<meta property=\"og:description\" content=\"Qui\u00e9nes Somos En Innovative Dental Lab nos enorgullecemos de ser pioneros en la industria dental, liderando el camino hacia la innovaci\u00f3n y la excelencia. Desde nuestra compa\u00f1\u00eda, hemos estado comprometidos con una visi\u00f3n clara: automatizar el d\u00eda a d\u00eda prot\u00e9sico, ofreciendo soluciones eficientes, precisas y de vanguardia. Nuestro equipo est\u00e1 formado por expertos apasionados, con [&hellip;]\" \/>\n<meta property=\"og:url\" content=\"https:\/\/identalab.com\/en\/quienes-somos\/\" \/>\n<meta property=\"og:site_name\" content=\"Innovative Dental Lab\" \/>\n<meta property=\"article:modified_time\" content=\"2024-05-14T13:55:36+00:00\" \/>\n<meta property=\"og:image\" content=\"https:\/\/identalab.com\/wp-content\/uploads\/2024\/03\/pexels-helena-lopes-697243-768x512.jpg\" \/>\n<meta name=\"twitter:card\" content=\"summary_large_image\" \/>\n<meta name=\"twitter:label1\" content=\"Est. reading time\" \/>\n\t<meta name=\"twitter:data1\" content=\"2 minutes\" \/>\n<script type=\"application\/ld+json\" class=\"yoast-schema-graph\">{\"@context\":\"https:\\\/\\\/schema.org\",\"@graph\":[{\"@type\":\"WebPage\",\"@id\":\"https:\\\/\\\/identalab.com\\\/quienes-somos\\\/\",\"url\":\"https:\\\/\\\/identalab.com\\\/quienes-somos\\\/\",\"name\":\"Qui\u00e9nes somos\",\"isPartOf\":{\"@id\":\"https:\\\/\\\/identalab.com\\\/#website\"},\"primaryImageOfPage\":{\"@id\":\"https:\\\/\\\/identalab.com\\\/quienes-somos\\\/#primaryimage\"},\"image\":{\"@id\":\"https:\\\/\\\/identalab.com\\\/quienes-somos\\\/#primaryimage\"},\"thumbnailUrl\":\"https:\\\/\\\/identalab.com\\\/wp-content\\\/uploads\\\/2024\\\/03\\\/pexels-helena-lopes-697243-768x512.jpg\",\"datePublished\":\"2021-11-21T15:14:19+00:00\",\"dateModified\":\"2024-05-14T13:55:36+00:00\",\"breadcrumb\":{\"@id\":\"https:\\\/\\\/identalab.com\\\/quienes-somos\\\/#breadcrumb\"},\"inLanguage\":\"en-US\",\"potentialAction\":[{\"@type\":\"ReadAction\",\"target\":[\"https:\\\/\\\/identalab.com\\\/quienes-somos\\\/\"]}]},{\"@type\":\"ImageObject\",\"inLanguage\":\"en-US\",\"@id\":\"https:\\\/\\\/identalab.com\\\/quienes-somos\\\/#primaryimage\",\"url\":\"https:\\\/\\\/identalab.com\\\/wp-content\\\/uploads\\\/2024\\\/03\\\/pexels-helena-lopes-697243-768x512.jpg\",\"contentUrl\":\"https:\\\/\\\/identalab.com\\\/wp-content\\\/uploads\\\/2024\\\/03\\\/pexels-helena-lopes-697243-768x512.jpg\"},{\"@type\":\"BreadcrumbList\",\"@id\":\"https:\\\/\\\/identalab.com\\\/quienes-somos\\\/#breadcrumb\",\"itemListElement\":[{\"@type\":\"ListItem\",\"position\":1,\"name\":\"Home\",\"item\":\"https:\\\/\\\/identalab.com\\\/\"},{\"@type\":\"ListItem\",\"position\":2,\"name\":\"Qui\u00e9nes Somos\"}]},{\"@type\":\"WebSite\",\"@id\":\"https:\\\/\\\/identalab.com\\\/#website\",\"url\":\"https:\\\/\\\/identalab.com\\\/\",\"name\":\"Innovative Dental Lab\",\"description\":\"Laboratorio Dental - Flujo 100% Digital\",\"publisher\":{\"@id\":\"https:\\\/\\\/identalab.com\\\/#organization\"},\"potentialAction\":[{\"@type\":\"SearchAction\",\"target\":{\"@type\":\"EntryPoint\",\"urlTemplate\":\"https:\\\/\\\/identalab.com\\\/?s={search_term_string}\"},\"query-input\":{\"@type\":\"PropertyValueSpecification\",\"valueRequired\":true,\"valueName\":\"search_term_string\"}}],\"inLanguage\":\"en-US\"},{\"@type\":\"Organization\",\"@id\":\"https:\\\/\\\/identalab.com\\\/#organization\",\"name\":\"Innovative Dental Lab\",\"url\":\"https:\\\/\\\/identalab.com\\\/\",\"logo\":{\"@type\":\"ImageObject\",\"inLanguage\":\"en-US\",\"@id\":\"https:\\\/\\\/identalab.com\\\/#\\\/schema\\\/logo\\\/image\\\/\",\"url\":\"https:\\\/\\\/i0.wp.com\\\/identalab.com\\\/wp-content\\\/uploads\\\/2024\\\/04\\\/Logo-Innovative-con-fondo-recortado.png?fit=740%2C235&ssl=1\",\"contentUrl\":\"https:\\\/\\\/i0.wp.com\\\/identalab.com\\\/wp-content\\\/uploads\\\/2024\\\/04\\\/Logo-Innovative-con-fondo-recortado.png?fit=740%2C235&ssl=1\",\"width\":740,\"height\":235,\"caption\":\"Innovative Dental Lab\"},\"image\":{\"@id\":\"https:\\\/\\\/identalab.com\\\/#\\\/schema\\\/logo\\\/image\\\/\"}}]}<\/script>\n<!-- \/ Yoast SEO plugin. -->","yoast_head_json":{"title":"Qui\u00e9nes somos","robots":{"index":"index","follow":"follow","max-snippet":"max-snippet:-1","max-image-preview":"max-image-preview:large","max-video-preview":"max-video-preview:-1"},"canonical":"https:\/\/identalab.com\/en\/quienes-somos\/","og_locale":"en_US","og_type":"article","og_title":"Qui\u00e9nes somos","og_description":"Qui\u00e9nes Somos En Innovative Dental Lab nos enorgullecemos de ser pioneros en la industria dental, liderando el camino hacia la innovaci\u00f3n y la excelencia. Desde nuestra compa\u00f1\u00eda, hemos estado comprometidos con una visi\u00f3n clara: automatizar el d\u00eda a d\u00eda prot\u00e9sico, ofreciendo soluciones eficientes, precisas y de vanguardia. Nuestro equipo est\u00e1 formado por expertos apasionados, con [&hellip;]","og_url":"https:\/\/identalab.com\/en\/quienes-somos\/","og_site_name":"Innovative Dental Lab","article_modified_time":"2024-05-14T13:55:36+00:00","og_image":[{"url":"https:\/\/identalab.com\/wp-content\/uploads\/2024\/03\/pexels-helena-lopes-697243-768x512.jpg","type":"","width":"","height":""}],"twitter_card":"summary_large_image","twitter_misc":{"Est. reading time":"2 minutes"},"schema":{"@context":"https:\/\/schema.org","@graph":[{"@type":"WebPage","@id":"https:\/\/identalab.com\/quienes-somos\/","url":"https:\/\/identalab.com\/quienes-somos\/","name":"Qui\u00e9nes somos","isPartOf":{"@id":"https:\/\/identalab.com\/#website"},"primaryImageOfPage":{"@id":"https:\/\/identalab.com\/quienes-somos\/#primaryimage"},"image":{"@id":"https:\/\/identalab.com\/quienes-somos\/#primaryimage"},"thumbnailUrl":"https:\/\/identalab.com\/wp-content\/uploads\/2024\/03\/pexels-helena-lopes-697243-768x512.jpg","datePublished":"2021-11-21T15:14:19+00:00","dateModified":"2024-05-14T13:55:36+00:00","breadcrumb":{"@id":"https:\/\/identalab.com\/quienes-somos\/#breadcrumb"},"inLanguage":"en-US","potentialAction":[{"@type":"ReadAction","target":["https:\/\/identalab.com\/quienes-somos\/"]}]},{"@type":"ImageObject","inLanguage":"en-US","@id":"https:\/\/identalab.com\/quienes-somos\/#primaryimage","url":"https:\/\/identalab.com\/wp-content\/uploads\/2024\/03\/pexels-helena-lopes-697243-768x512.jpg","contentUrl":"https:\/\/identalab.com\/wp-content\/uploads\/2024\/03\/pexels-helena-lopes-697243-768x512.jpg"},{"@type":"BreadcrumbList","@id":"https:\/\/identalab.com\/quienes-somos\/#breadcrumb","itemListElement":[{"@type":"ListItem","position":1,"name":"Home","item":"https:\/\/identalab.com\/"},{"@type":"ListItem","position":2,"name":"Qui\u00e9nes Somos"}]},{"@type":"WebSite","@id":"https:\/\/identalab.com\/#website","url":"https:\/\/identalab.com\/","name":"Innovative Dental Lab","description":"Laboratorio Dental - Flujo 100% Digital","publisher":{"@id":"https:\/\/identalab.com\/#organization"},"potentialAction":[{"@type":"SearchAction","target":{"@type":"EntryPoint","urlTemplate":"https:\/\/identalab.com\/?s={search_term_string}"},"query-input":{"@type":"PropertyValueSpecification","valueRequired":true,"valueName":"search_term_string"}}],"inLanguage":"en-US"},{"@type":"Organization","@id":"https:\/\/identalab.com\/#organization","name":"Innovative Dental Lab","url":"https:\/\/identalab.com\/","logo":{"@type":"ImageObject","inLanguage":"en-US","@id":"https:\/\/identalab.com\/#\/schema\/logo\/image\/","url":"https:\/\/i0.wp.com\/identalab.com\/wp-content\/uploads\/2024\/04\/Logo-Innovative-con-fondo-recortado.png?fit=740%2C235&ssl=1","contentUrl":"https:\/\/i0.wp.com\/identalab.com\/wp-content\/uploads\/2024\/04\/Logo-Innovative-con-fondo-recortado.png?fit=740%2C235&ssl=1","width":740,"height":235,"caption":"Innovative Dental Lab"},"image":{"@id":"https:\/\/identalab.com\/#\/schema\/logo\/image\/"}}]}},"jetpack_sharing_enabled":true,"_links":{"self":[{"href":"https:\/\/identalab.com\/en\/wp-json\/wp\/v2\/pages\/1317","targetHints":{"allow":["GET"]}}],"collection":[{"href":"https:\/\/identalab.com\/en\/wp-json\/wp\/v2\/pages"}],"about":[{"href":"https:\/\/identalab.com\/en\/wp-json\/wp\/v2\/types\/page"}],"author":[{"embeddable":true,"href":"https:\/\/identalab.com\/en\/wp-json\/wp\/v2\/users\/1"}],"replies":[{"embeddable":true,"href":"https:\/\/identalab.com\/en\/wp-json\/wp\/v2\/comments?post=1317"}],"version-history":[{"count":70,"href":"https:\/\/identalab.com\/en\/wp-json\/wp\/v2\/pages\/1317\/revisions"}],"predecessor-version":[{"id":2963,"href":"https:\/\/identalab.com\/en\/wp-json\/wp\/v2\/pages\/1317\/revisions\/2963"}],"wp:attachment":[{"href":"https:\/\/identalab.com\/en\/wp-json\/wp\/v2\/media?parent=1317"}],"curies":[{"name":"wp","href":"https:\/\/api.w.org\/{rel}","templated":true}]}}